{"id":2,"date":"2009-06-02T11:13:52","date_gmt":"2009-06-02T10:13:52","guid":{"rendered":"http:\/\/detmarovice.casd.cz\/?page_id=2"},"modified":"2026-04-27T14:06:59","modified_gmt":"2026-04-27T13:06:59","slug":"o-webu","status":"publish","type":"page","link":"https:\/\/kolin.casd.cz\/","title":{"rendered":"N\u00e1\u0161 sbor"},"content":{"rendered":"<h1 style=\"text-align: center;\">V\u00edt\u00e1me v\u00e1s na str\u00e1nk\u00e1ch CASD Kol\u00edn.<\/h1>\n<h2 style=\"text-align: center;\">Shrom\u00e1\u017ed\u011bn\u00ed ka\u017edou sobotu:<\/h2>\n<h3 style=\"text-align: center;\">&#8211; zah\u00e1jen\u00ed v 9:30 hod.<\/h3>\n<h3 style=\"text-align: center;\"><em id=\"__mceDel\">&#8211; studium Bible v 10:00\u00a0hod.<\/em><\/h3>\n<h3 style=\"text-align: center;\"><em id=\"__mceDel\">&#8211; k\u00e1z\u00e1n\u00ed v 11:15\u00a0hod.<\/em><\/h3>\n<h4>Informace:\u00a0 \u00a0 Setk\u00e1n\u00ed sboru nen\u00ed tuto sobotu:\u00a0 \u00a0 9.5.<\/h4>\n<h4><\/h4>\n<h4>POZV\u00c1NKA 1:\u00a0 \u00a0 \u00a0 SURIKATA gospel &amp; SkLenka<\/h4>\nkoncert pro Dom\u00e1c\u00ed hospic Srdcem\n\n<strong>Kdy:<\/strong> 14. 5. 2026 18:00\n\n<!-- \/wp:post-content -->\n\n<!-- wp:paragraph -->\n\n<strong>Kde:<\/strong>\u00a0 Synagoga Kol\u00edn, Na Hradb\u00e1ch 157\n<div>\n<h4><\/h4>\n<h4>POZV\u00c1NKA 2:\u00a0 \u00a0 \u00a0\u010cAJ O \u0160EST\u00c9:\u00a0 \u00a0 Michaela N. \u0160vestkov\u00e1<\/h4>\n<\/div>\n<div><!-- \/wp:paragraph --><!-- wp:paragraph -->\n\n<strong>P\u00c1N PRSTEN\u016e<\/strong> &#8211;\u00a0 aneb\u00a0 &#8211;\u00a0duchovn\u00ed rozm\u011br legend\u00e1rn\u00ed s\u00e1gy\n\n<!-- \/wp:paragraph -->\n\n<!-- wp:paragraph -->\n\n<strong>Kdy:<\/strong> 28. 5. 2026 18:00\n\n<!-- \/wp:paragraph -->\n\n<!-- wp:paragraph -->\n\n<strong>Kde:<\/strong> \u00a0Komunitn\u00ed centrum sv. Zdislavy,\n\nMnichovick\u00e1 1630, Kol\u00edn Z\u00e1lab\u00ed<strong>\u00a0 \u00a0 \u00a0 \u00a0<\/strong>\n\n<\/div>\n<div><\/div>\n<!-- wp:paragraph -->\n\n<!-- \/wp:paragraph -->\n\n<!-- wp:paragraph -->\n\n<!-- \/wp:paragraph -->","protected":false},"excerpt":{"rendered":"<p>V\u00edt\u00e1me v\u00e1s na str\u00e1nk\u00e1ch CASD Kol\u00edn. Shrom\u00e1\u017ed\u011bn\u00ed ka\u017edou sobotu: &#8211; zah\u00e1jen\u00ed v 9:30 hod. &#8211; studium Bible v 10:00\u00a0hod. &#8211; k\u00e1z\u00e1n\u00ed v 11:15\u00a0hod. Informace:\u00a0 \u00a0 Setk\u00e1n\u00ed sboru nen\u00ed tuto sobotu:\u00a0 \u00a0 9.5. POZV\u00c1NKA 1:\u00a0 \u00a0 \u00a0 SURIKATA gospel &amp; SkLenka koncert pro Dom\u00e1c\u00ed hospic Srdcem Kdy: 14. 5. 2026 18:00 Kde:\u00a0 Synagoga Kol\u00edn, Na Hradb\u00e1ch [&hellip;]<\/p>\n","protected":false},"author":7,"featured_media":0,"parent":0,"menu_order":0,"comment_status":"closed","ping_status":"closed","template":"","meta":{"footnotes":""},"class_list":["post-2","page","type-page","status-publish","hentry"],"_links":{"self":[{"href":"https:\/\/kolin.casd.cz\/index.php?rest_route=\/wp\/v2\/pages\/2","targetHints":{"allow":["GET"]}}],"collection":[{"href":"https:\/\/kolin.casd.cz\/index.php?rest_route=\/wp\/v2\/pages"}],"about":[{"href":"https:\/\/kolin.casd.cz\/index.php?rest_route=\/wp\/v2\/types\/page"}],"author":[{"embeddable":true,"href":"https:\/\/kolin.casd.cz\/index.php?rest_route=\/wp\/v2\/users\/7"}],"replies":[{"embeddable":true,"href":"https:\/\/kolin.casd.cz\/index.php?rest_route=%2Fwp%2Fv2%2Fcomments&post=2"}],"version-history":[{"count":4,"href":"https:\/\/kolin.casd.cz\/index.php?rest_route=\/wp\/v2\/pages\/2\/revisions"}],"predecessor-version":[{"id":912,"href":"https:\/\/kolin.casd.cz\/index.php?rest_route=\/wp\/v2\/pages\/2\/revisions\/912"}],"wp:attachment":[{"href":"https:\/\/kolin.casd.cz\/index.php?rest_route=%2Fwp%2Fv2%2Fmedia&parent=2"}],"curies":[{"name":"wp","href":"https:\/\/api.w.org\/{rel}","templated":true}]}}